{"id":9,"date":"2013-10-07T04:27:03","date_gmt":"2013-10-07T01:27:03","guid":{"rendered":"http:\/\/liderfilo.dijitalgozluk.com\/?page_id=9"},"modified":"2026-01-16T13:05:30","modified_gmt":"2026-01-16T10:05:30","slug":"filo-kiralama","status":"publish","type":"page","link":"https:\/\/www.liderfilo.com.tr\/en\/","title":{"rendered":"Fleet Leasing"},"content":{"rendered":"<p><!--div style=\"margin:25px 0 -5px 0; text-align:center;\"><a style=\"display:inline-block; background:#F5F1CE; padding:7px 10px; border-radius:5px;\" href=\"https:\/\/www.liderfilo.com.tr\/wp-content\/uploads\/2018\/12\/LDRTurizmAS-12.12.2018-SermayeArttiriminaIliskinTicaretSicilGazetesi.pdf\" target=\"_blank\" rel=\"noopener\">Firmam\u0131z\u0131n 12 Aral\u0131k 2018 Tarihli Sermaye Art\u0131r\u0131m\u0131na \u0130li\u015fkin Ticaret Sicil Gazetesi ula\u015fmak i\u00e7in l\u00fctfen t\u0131klay\u0131n\u0131z.<\/a><\/div-->\n<div class=\"spotlights\">\n<div class=\"spotlight services\">\n<div class=\"spotlight-title\">SERVICES<\/div>\n<div class=\"spotlight-content\">\n<p><img src=\"\/wp-content\/themes\/liderfilo\/images\/services-460x78-en-2.png\" alt=\"\" usemap=\"#services\" border=\"0\" \/><\/p>\n<map id=\"services\" name=\"services\">\n<area coords=\"0,0,60,78\" shape=\"rect\" href=\"\/filo-kiralama\/724-yol-yardim\/\" \/>\n<area coords=\"80,0,140,78\" shape=\"rect\" href=\"\/filo-kiralama\/hasar-yonetimi\/\" \/>\n<area coords=\"160,0,220,78\" shape=\"rect\" href=\"\/filo-kiralama\/finansman\/\" \/>\n<area coords=\"240,0,300,78\" shape=\"rect\" href=\"\/filo-kiralama\/yedek-arac\/\" \/>\n<area coords=\"320,0,380,78\" shape=\"rect\" href=\"\/filo-kiralama\/lastik-yonetimi\/\" \/>\n<area coords=\"400,0,460,78\" shape=\"rect\" href=\"\/filo-kiralama\/servisler\/\" \/> <\/map>\n<\/div>\n<\/div>\n<div class=\"spotlight request\">\n<div class=\"spotlight-thumb\"><img src=\"\/wp-content\/themes\/liderfilo\/images\/computer-186x162.png\" alt=\"\" \/><\/div>\n<div class=\"spotlight-title\">REQUEST FORMS<\/div>\n<div class=\"spotlight-content\">\n<p>You can fill out the forms for fleet and tires service requests.<\/p>\n<p><a href=\"\/filo-kiralama\/lastik-talep-formu\/\">Tyres Request \u00bb<\/a><br \/>\n<a href=\"\/filo-kiralama\/teklif-talep-formu\/\">Quote Request \u00bb<\/a><\/p>\n<\/div>\n<\/div>\n<\/div>\n<p><\/p>","protected":false},"excerpt":{"rendered":"<p>SERVICES REQUEST FORMS You can fill out the forms for fleet and tires service requests. Tyres Request \u00bb Quote Request \u00bb<\/p>\n","protected":false},"author":7,"featured_media":0,"parent":0,"menu_order":0,"comment_status":"closed","ping_status":"closed","template":"template-filokiralama.php","meta":[],"_links":{"self":[{"href":"https:\/\/www.liderfilo.com.tr\/en\/wp-json\/wp\/v2\/pages\/9"}],"collection":[{"href":"https:\/\/www.liderfilo.com.tr\/en\/wp-json\/wp\/v2\/pages"}],"about":[{"href":"https:\/\/www.liderfilo.com.tr\/en\/wp-json\/wp\/v2\/types\/page"}],"author":[{"embeddable":true,"href":"https:\/\/www.liderfilo.com.tr\/en\/wp-json\/wp\/v2\/users\/7"}],"replies":[{"embeddable":true,"href":"https:\/\/www.liderfilo.com.tr\/en\/wp-json\/wp\/v2\/comments?post=9"}],"version-history":[{"count":27,"href":"https:\/\/www.liderfilo.com.tr\/en\/wp-json\/wp\/v2\/pages\/9\/revisions"}],"predecessor-version":[{"id":3300,"href":"https:\/\/www.liderfilo.com.tr\/en\/wp-json\/wp\/v2\/pages\/9\/revisions\/3300"}],"wp:attachment":[{"href":"https:\/\/www.liderfilo.com.tr\/en\/wp-json\/wp\/v2\/media?parent=9"}],"curies":[{"name":"wp","href":"https:\/\/api.w.org\/{rel}","templated":true}]}}