{"id":2446,"date":"2022-04-12T20:03:26","date_gmt":"2022-04-12T17:03:26","guid":{"rendered":"https:\/\/www.liderfilo.com.tr\/?page_id=2446"},"modified":"2025-06-25T21:14:32","modified_gmt":"2025-06-25T18:14:32","slug":"yonetim-kurulu-ve-komiteler","status":"publish","type":"page","link":"https:\/\/www.liderfilo.com.tr\/en\/yatirimci-iliskileri\/yonetim-kurulu-ve-komiteler\/","title":{"rendered":"Board of Directors and Committees"},"content":{"rendered":"<p><a class=\"iconedbutton\" href=\"https:\/\/www.liderfilo.com.tr\/wp-content\/uploads\/2025\/06\/Board-of-Directors-and-Committees.pdf\" target=\"_blank\" rel=\"noopener noreferrer\"> Board of Directors and Committees <\/a><\/p>\n<p><a class=\"iconedbutton\" href=\"https:\/\/www.liderfilo.com.tr\/wp-content\/uploads\/2024\/10\/Internal-Directive-on-Delegation-of-Representation-Authority-of-the-Board-of-Directors-Turkish.pdf\" target=\"_blank\" rel=\"noopener noreferrer\"> Internal Directive on Delegation of Representation Authority of the Board of Directors (Turkish) <\/a><\/p>\n<p><a class=\"iconedbutton\" href=\"https:\/\/www.liderfilo.com.tr\/wp-content\/uploads\/2024\/08\/LDR-Turizm_Independent-BoD-Members-Declaration-of-Independence.pdf\" target=\"_blank\" rel=\"noopener noreferrer\"> Declaration of Independence of Independent Board Members <\/a><\/p>\n<p><a class=\"iconedbutton\" href=\"https:\/\/www.liderfilo.com.tr\/wp-content\/uploads\/2024\/08\/LDR-Turizm_Resumes-of-Independent-Board-Members.pdf\" target=\"_blank\" rel=\"noopener noreferrer\"> Resumes of Independent Board Members <\/a><\/p>\n<p><a class=\"iconedbutton\" href=\"https:\/\/www.liderfilo.com.tr\/wp-content\/uploads\/2025\/06\/Denetimden-Sorumlu-Komite-Calisma-Esaslari.pdf\" target=\"_blank\" rel=\"noopener noreferrer\">Denetimden Sorumlu Komite C\u0327al\u0131s\u0327ma Esaslar\u0131<\/a><\/p>\n<p><a class=\"iconedbutton\" href=\"https:\/\/www.liderfilo.com.tr\/wp-content\/uploads\/2025\/06\/Kurumsal-Yonetim-Komitesi-Calisma-Esaslari.pdf\" target=\"_blank\" rel=\"noopener noreferrer\">Kurumsal Yo\u0308netim Komitesi C\u0327al\u0131s\u0327ma Esaslar\u0131<\/a><\/p>\n<p><a class=\"iconedbutton\" href=\"https:\/\/www.liderfilo.com.tr\/wp-content\/uploads\/2022\/04\/LDR-Turizm-A.S.-Riskin-Erken-Saptanmasi-Komitesi-Calisma-Esaslari.pdf\" target=\"_blank\" rel=\"noopener noreferrer\">Riskin Erken Saptanmas\u0131 Komitesi C\u0327al\u0131s\u0327ma Esaslar\u0131<\/a><\/p>\n<p><a class=\"iconedbutton\" href=\"https:\/\/www.liderfilo.com.tr\/wp-content\/uploads\/2025\/06\/Surdurulebilirlik-Komitesi-Calisma-Esaslari.pdf\" target=\"_blank\" rel=\"noopener noreferrer\">S\u00fcrd\u00fcr\u00fclebilirlik Komitesi \u00c7al\u0131\u015fma Esaslar\u0131<\/a><br \/>\n<\/p>","protected":false},"excerpt":{"rendered":"<p>Board of Directors and Committees Internal Directive on Delegation of Representation Authority of the Board of Directors (Turkish) Declaration of Independence of Independent Board Members Resumes of Independent Board Members Denetimden Sorumlu Komite C\u0327al\u0131s\u0327ma Esaslar\u0131 Kurumsal Yo\u0308netim Komitesi C\u0327al\u0131s\u0327ma Esaslar\u0131 &hellip; <a href=\"https:\/\/www.liderfilo.com.tr\/en\/yatirimci-iliskileri\/yonetim-kurulu-ve-komiteler\/\">Continue reading <span class=\"meta-nav\">&rarr;<\/span><\/a><\/p>\n","protected":false},"author":7,"featured_media":0,"parent":1440,"menu_order":30,"comment_status":"closed","ping_status":"closed","template":"","meta":[],"_links":{"self":[{"href":"https:\/\/www.liderfilo.com.tr\/en\/wp-json\/wp\/v2\/pages\/2446"}],"collection":[{"href":"https:\/\/www.liderfilo.com.tr\/en\/wp-json\/wp\/v2\/pages"}],"about":[{"href":"https:\/\/www.liderfilo.com.tr\/en\/wp-json\/wp\/v2\/types\/page"}],"author":[{"embeddable":true,"href":"https:\/\/www.liderfilo.com.tr\/en\/wp-json\/wp\/v2\/users\/7"}],"replies":[{"embeddable":true,"href":"https:\/\/www.liderfilo.com.tr\/en\/wp-json\/wp\/v2\/comments?post=2446"}],"version-history":[{"count":17,"href":"https:\/\/www.liderfilo.com.tr\/en\/wp-json\/wp\/v2\/pages\/2446\/revisions"}],"predecessor-version":[{"id":3198,"href":"https:\/\/www.liderfilo.com.tr\/en\/wp-json\/wp\/v2\/pages\/2446\/revisions\/3198"}],"up":[{"embeddable":true,"href":"https:\/\/www.liderfilo.com.tr\/en\/wp-json\/wp\/v2\/pages\/1440"}],"wp:attachment":[{"href":"https:\/\/www.liderfilo.com.tr\/en\/wp-json\/wp\/v2\/media?parent=2446"}],"curies":[{"name":"wp","href":"https:\/\/api.w.org\/{rel}","templated":true}]}}