{"id":23,"date":"2013-10-07T04:28:32","date_gmt":"2013-10-07T01:28:32","guid":{"rendered":"http:\/\/liderfilo.dijitalgozluk.com\/?page_id=23"},"modified":"2024-02-20T13:22:49","modified_gmt":"2024-02-20T10:22:49","slug":"ofislerimiz","status":"publish","type":"page","link":"https:\/\/www.liderfilo.com.tr\/en\/iletisim\/ofislerimiz\/","title":{"rendered":"Offices"},"content":{"rendered":"<p><\/p>\n<div class=\"offices\">\n<div class=\"office\">\n<div class=\"office-name\">Headquarters<\/div>\n<div class=\"office-line\">\n<div class=\"office-label\">Address:<\/div>\n<div class=\"office-value\">Giz 2000 Plaza Ayaza\u011fa Yolu No:7 K:14 Maslak\/\u0130stanbul<\/div>\n<\/div>\n<div class=\"office-line\">\n<div class=\"office-label\">Telefon:<\/div>\n<div class=\"office-value\"><a style=\"color: #ed1c24 !important; text-decoration: underline !important;\" href=\"tel:02123475800\">+90 (212) 347 58 00<\/a><\/div>\n<\/div>\n<div class=\"office-line\">\n<div class=\"office-label\">Faks:<\/div>\n<div class=\"office-value\"><a style=\"color: #ed1c24 !important; text-decoration: underline !important;\" href=\"tel:02122748666\">+90 (212) 274 86 66<\/a><\/div>\n<\/div>\n<div class=\"office-line\">\n<div class=\"office-label\">E-posta:<\/div>\n<div class=\"office-value\"><a style=\"color: #ed1c24 !important; text-decoration: underline !important;\" href=\"mailto:info@liderfilo.com.tr\">info@liderfilo.com.tr<\/a><\/div>\n<\/div>\n<div class=\"office-line\"><!--div class=\"office-label\">Hot Line:<\/div>\n\n\n\n\n<div class=\"office-value\">Mesai saatleri d\u0131\u015f\u0131nda ula\u015fabilece\u011finiz telefon numaram\u0131z +90 (530) 613 00 80<\/div--><\/div>\n<\/div>\n<p><!--\n\n\n<div class=\"office\">\n\n\n<div class=\"office-name\">\u0130stanbul Office<\/div>\n\n\n\n\n<div class=\"office-line\">\n\n\n<div class=\"office-label\">Address:<\/div>\n\n\n\n\n<div class=\"office-value\">Mahmutbey Merkez Mah. Ta\u015foca\u011f\u0131 Cad. A\u011fao\u011flu My Office 212 No:5 K:23 D: 390 G\u00fcne\u015fli\/\u0130stanbul<\/div>\n\n\n<\/div>\n\n\n\n\n<div class=\"office-line\">\n\n\n<div class=\"office-label\">Phone:<\/div>\n\n\n\n\n<div class=\"office-value\">+90 (212) 500 35 75<\/div>\n\n\n<\/div>\n\n\n\n\n<div class=\"office-line\">\n\n\n<div class=\"office-label\">Fax:<\/div>\n\n\n\n\n<div class=\"office-value\">+90 (212) 500 35 80<\/div>\n\n\n<\/div>\n\n\n\n\n<div class=\"office-line\">\n\n\n<div class=\"office-label\">E-mail:<\/div>\n\n\n\n\n<div class=\"office-value\">info@liderfilo.com.tr<\/div>\n\n\n<\/div>\n\n\n\n\n<div class=\"office-line\">\n\n\n<div class=\"office-label\">Hot Line:<\/div>\n\n\n\n\n<div class=\"office-value\">Mesai saatleri d\u0131\u015f\u0131nda ula\u015fabilece\u011finiz telefon numaram\u0131z +90 (532) 749 67 07<\/div>\n\n\n<\/div>\n\n\n<\/div>\n\n\n\n\n<div class=\"office\">\n\n\n<div class=\"office-name\">Ankara Office<\/div>\n\n\n\n\n<div class=\"office-line\">\n\n\n<div class=\"office-label\">Address:<\/div>\n\n\n\n\n<div class=\"office-value\">Saray Cumhuriyet Mh. Fatih Sultan Mehmet Cad. Ak Sk. No: 8\/9 (1B) Pursaklar\/Ankara<\/div>\n\n\n<\/div>\n\n\n\n\n<div class=\"office-line\">\n\n\n<div class=\"office-label\">Phone:<\/div>\n\n\n\n\n<div class=\"office-value\">+90 (312) 399 46 46<\/div>\n\n\n<\/div>\n\n\n\n\n<div class=\"office-line\">\n\n\n<div class=\"office-label\">Fax:<\/div>\n\n\n\n\n<div class=\"office-value\">+90 (312) 399 59 00<\/div>\n\n\n<\/div>\n\n\n\n\n<div class=\"office-line\">\n\n\n<div class=\"office-label\">E-mail:<\/div>\n\n\n\n\n<div class=\"office-value\">info@liderfilo.com.tr<\/div>\n\n\n<\/div>\n\n\n<\/div>\n\n\n\n\n<div class=\"office\">\n\n\n<div class=\"office-name\">\u0130zmir Office<\/div>\n\n\n\n\n<div class=\"office-line\">\n\n\n<div class=\"office-label\">Address:<\/div>\n\n\n\n\n<div class=\"office-value\">9 Eyl\u00fcl Mah. 695 Sok. No:36\/K Gaziemir\/\u0130zmir<\/div>\n\n\n<\/div>\n\n\n\n\n<div class=\"office-line\">\n\n\n<div class=\"office-label\">Phone:<\/div>\n\n\n\n\n<div class=\"office-value\">+90 (232) 252 07 17<\/div>\n\n\n<\/div>\n\n\n\n\n<div class=\"office-line\">\n\n\n<div class=\"office-label\">Fax:<\/div>\n\n\n\n\n<div class=\"office-value\">+90 (232) 252 02 06<\/div>\n\n\n<\/div>\n\n\n\n\n<div class=\"office-line\">\n\n\n<div class=\"office-label\">E-mail:<\/div>\n\n\n\n\n<div class=\"office-value\">info@liderfilo.com.tr<\/div>\n\n\n<\/div>\n\n\n<\/div>\n\n\n--><\/p>\n<\/div>\n<div class=\"maps\">\n<div class=\"map\"><iframe loading=\"lazy\" src=\"http:\/\/maps.google.com\/maps\/ms?ie=UTF8&amp;hl=tr&amp;msa=0&amp;msid=211635311204600431654.000493260c650191a8f3e&amp;ll=41.108443,29.01648&amp;spn=0.005659,0.00912&amp;z=16&amp;output=embed\" width=\"100%\" height=\"240\" frameborder=\"0\" marginwidth=\"0\" marginheight=\"0\" scrolling=\"no\"><\/iframe><\/div>\n<p><!--\n\n\n<div class=\"map\"><iframe loading=\"lazy\" src=\"https:\/\/maps.google.com\/maps\/ms?msa=0&amp;msid=211635311204600431654.0004c2cfb413df21562c4&amp;ie=UTF8&amp;t=m&amp;ll=41.046799,28.810015&amp;spn=0.015535,0.036049&amp;z=14&amp;output=embed\" width=\"100%\" height=\"240\" frameborder=\"0\" marginwidth=\"0\" marginheight=\"0\" scrolling=\"no\"><\/iframe><\/div>\n\n\n\n\n<div class=\"map\"><iframe loading=\"lazy\" src=\"https:\/\/maps.google.com\/maps\/ms?msid=211635311204600431654.0004df933f06fa074783f&amp;msa=0&amp;ie=UTF8&amp;t=m&amp;ll=40.06638,32.920532&amp;spn=0.007882,0.017982&amp;z=15&amp;output=embed\" width=\"100%\" height=\"240\" frameborder=\"0\" marginwidth=\"0\" marginheight=\"0\" scrolling=\"no\"><\/iframe><\/div>\n\n\n\n\n<div class=\"map\"><iframe loading=\"lazy\" src=\"https:\/\/maps.google.com\/maps\/ms?msid=211635311204600431654.0004df9349745067aadc7&amp;msa=0&amp;ie=UTF8&amp;t=m&amp;ll=38.314168,27.146956&amp;spn=0.00404,0.008991&amp;z=16&amp;output=embed\" width=\"100%\" height=\"240\" frameborder=\"0\" marginwidth=\"0\" marginheight=\"0\" scrolling=\"no\"><\/iframe><\/div>\n\n\n--><\/p>\n<\/div>\n<\/div>\n<p><\/p>","protected":false},"excerpt":{"rendered":"<p>Headquarters Address: Giz 2000 Plaza Ayaza\u011fa Yolu No:7 K:14 Maslak\/\u0130stanbul Telefon: +90 (212) 347 58 00 Faks: +90 (212) 274 86 66 E-posta: info@liderfilo.com.tr<\/p>\n","protected":false},"author":7,"featured_media":0,"parent":189,"menu_order":0,"comment_status":"closed","ping_status":"closed","template":"","meta":[],"_links":{"self":[{"href":"https:\/\/www.liderfilo.com.tr\/en\/wp-json\/wp\/v2\/pages\/23"}],"collection":[{"href":"https:\/\/www.liderfilo.com.tr\/en\/wp-json\/wp\/v2\/pages"}],"about":[{"href":"https:\/\/www.liderfilo.com.tr\/en\/wp-json\/wp\/v2\/types\/page"}],"author":[{"embeddable":true,"href":"https:\/\/www.liderfilo.com.tr\/en\/wp-json\/wp\/v2\/users\/7"}],"replies":[{"embeddable":true,"href":"https:\/\/www.liderfilo.com.tr\/en\/wp-json\/wp\/v2\/comments?post=23"}],"version-history":[{"count":32,"href":"https:\/\/www.liderfilo.com.tr\/en\/wp-json\/wp\/v2\/pages\/23\/revisions"}],"predecessor-version":[{"id":2844,"href":"https:\/\/www.liderfilo.com.tr\/en\/wp-json\/wp\/v2\/pages\/23\/revisions\/2844"}],"up":[{"embeddable":true,"href":"https:\/\/www.liderfilo.com.tr\/en\/wp-json\/wp\/v2\/pages\/189"}],"wp:attachment":[{"href":"https:\/\/www.liderfilo.com.tr\/en\/wp-json\/wp\/v2\/media?parent=23"}],"curies":[{"name":"wp","href":"https:\/\/api.w.org\/{rel}","templated":true}]}}