{"id":2032,"date":"2019-08-09T21:17:11","date_gmt":"2019-08-09T18:17:11","guid":{"rendered":"https:\/\/www.liderfilo.com.tr\/?page_id=2032"},"modified":"2019-08-09T21:17:27","modified_gmt":"2019-08-09T18:17:27","slug":"ldr-turizm-a-s-cerez-politikasi","status":"publish","type":"page","link":"https:\/\/www.liderfilo.com.tr\/en\/ldr-turizm-a-s-cerez-politikasi\/","title":{"rendered":"Cookie Policy"},"content":{"rendered":"<h3><span style=\"font-weight: 400;\">\u00c7EREZ POL\u0130T\u0130KASI HAKKINDA<\/span><\/h3>\n<p><span style=\"font-weight: 400;\">LDR TUR\u0130ZM A.\u015e (&#8220;\u015eirket&#8221;) olarak sahip oldu\u011fumuz ( <\/span><span style=\"font-weight: 400;\">www.liderfilo.com.tr <\/span><span style=\"font-weight: 400;\">) web sitemizin (&#8220;Web Sitesi&#8221;) kullan\u0131c\u0131lar\u0131n\u0131n\/\u00fcyelerinin\/ziyaret\u00e7ilerinin gizlilik ve ki\u015fisel verilerinin korunmas\u0131 haklar\u0131n\u0131 g\u00f6zeterek ziyaret\u00e7ilerimize daha iyi bir kullan\u0131m deneyimi sa\u011flayabilmek i\u00e7in ki\u015fisel verilerini i\u015flemekte ve internet \u00e7erezleri, pikseller, gifler gibi baz\u0131 teknolojilerden faydalanmaktay\u0131z. Bu teknolojilerin kullan\u0131m\u0131 ba\u015fta 6698 say\u0131l\u0131 Ki\u015fisel Verilerin Korunmas\u0131 Kanunu (\u201cKVK Kanunu\u201d) olmak \u00fczere tabi oldu\u011fumuz mevzuata uygun \u015fekilde ger\u00e7ekle\u015ftirilmektedir.\u00a0<\/span><\/p>\n<p><span style=\"font-weight: 400;\">\u0130\u015fbu \u00c7erez Politikas\u0131\u2019n\u0131n amac\u0131, taraf\u0131m\u0131zca i\u015fletilmekte olan (<\/span><span style=\"font-weight: 400;\">www.liderfilo.com.tr<\/span><span style=\"font-weight: 400;\">) internet sitesinin (\u201cSite\u201d) i\u015fletilmesi s\u0131ras\u0131nda site kullan\u0131c\u0131lar\u0131\/\u00fcyeleri\/ziyaret\u00e7ileri (\u201cVeriSahibi\u201d) taraf\u0131ndan \u00e7erezler kullan\u0131l\u0131rken elde edilen ki\u015fisel verilerin i\u015flenmesine ili\u015fkin olarak sizlere bilgi vermektedir.\u00a0<\/span><\/p>\n<p><span style=\"font-weight: 400;\">LDR TUR\u0130ZM A.\u015e. olarak sitemizde kulland\u0131\u011f\u0131m\u0131z \u00e7erezleri kullanmaktan vazge\u00e7ebilir, bunlar\u0131n t\u00fcrlerini veya fonksiyonlar\u0131n\u0131 de\u011fi\u015ftirebilir veya sitemize yeni \u00e7erezler ekleyebiliriz. Dolay\u0131s\u0131yla i\u015fbu \u00e7erez politikas\u0131 metninin diledi\u011fimiz zaman de\u011fi\u015ftirme hakk\u0131n\u0131 sakl\u0131 tutmaktay\u0131z.\u00a0<\/span><\/p>\n<p><span style=\"font-weight: 400;\">Bu kapsamda, ki\u015fisel verilerinizin nas\u0131l i\u015flenebilece\u011fi ve bu kapsamdaki haklar\u0131n\u0131z\u0131 nas\u0131l kullanabilece\u011finiz hakk\u0131nda bilgi edinmek i\u00e7in KVKK Genel Beyannamemizi de okuman\u0131z\u0131 tavsiye ederiz. (<\/span><span style=\"font-weight: 400;\">https:\/\/www.liderfilo.com.tr\/kurumsal\/kisisel-verilerin-korunmasi-ve-veri- mahremiyeti-politikasi\/<\/span><span style=\"font-weight: 400;\">)\u00a0<\/span><\/p>\n<h3><span style=\"font-weight: 400;\">\u00c7EREZ NED\u0130R VE HANG\u0130 AMA\u00c7LARLA KULLANILMAKTA :\u00a0<\/span><\/h3>\n<p><span style=\"font-weight: 400;\">\u00c7erez(cookie), ziyaret etti\u011finiz web sitesinde arama ve kullan\u0131m al\u0131\u015fkanl\u0131klar\u0131n\u0131z\u0131, \u00fcyelik bilgilerinizi ya da reklam tercihlerinizi depolayan text dosyalar\u0131d\u0131r. Ki\u015filerin web sitesi \u00fczerinde arad\u0131klar\u0131n\u0131 taray\u0131c\u0131 ge\u00e7mi\u015fine kaydeder. \u00c7erez (cookie) herhangi bir internet sitesi veya uzak bilgisayar taraf\u0131ndan, bilgisayara b\u0131rak\u0131lan bir t\u00fcr tan\u0131mlama dosyas\u0131d\u0131r. \u00c7erezler (cookies) ayn\u0131 siteye yeniden girdi\u011finizde, o siteye ait \u00e7erezleri siteye geri g\u00f6nderir. B\u00f6ylece site, ihtiya\u00e7lar\u0131n\u0131za uyacak \u015fekilde \u00f6zelle\u015ftirilmi\u015f bilgiler sunabilir. LDR TUR\u0130ZM A.\u015e olarak sitemizde \u00e7e\u015fitli ama\u00e7larla \u00e7erezler kullanmakta ve bu \u00e7erezler vas\u0131tas\u0131yla ki\u015fisel verilerinizi i\u015flemekteyiz. Bu ama\u00e7lar \u015funlard\u0131r:\u00a0<\/span><\/p>\n<ul>\n<li><span style=\"font-weight: 400;\"> Site\u2019nin \u00e7al\u0131\u015fmas\u0131 i\u00e7in gerekli temel fonksiyonlar\u0131 geli\u015ftirmek.\u00a0<\/span><\/li>\n<li><span style=\"font-weight: 400;\"> Site\u2019yi analiz etmek ve Site\u2019nin performans\u0131n\u0131 artt\u0131rmak.\u00a0<\/span><\/li>\n<li><span style=\"font-weight: 400;\"> Site\u2019nin i\u015flevselli\u011fini artt\u0131rmak ve kullan\u0131m kolayl\u0131\u011f\u0131 sa\u011flamak.\u00a0<\/span><\/li>\n<li><span style=\"font-weight: 400;\"> Ki\u015fiselle\u015ftirme, hedefleme ve reklamc\u0131l\u0131k faaliyeti ger\u00e7ekle\u015ftirmek.\u00a0<\/span><\/li>\n<\/ul>\n<p><span style=\"font-weight: 400;\">Ki\u015fisel Verilerin Korunmas\u0131 Kanunu\u2019nun 5. Ve 8. Maddesi uyar\u0131nca ve\/veya ilgili mevzuattaki istisnalar\u0131n varl\u0131\u011f\u0131 halinde ki\u015fisel verileriniz mevzuat uyar\u0131nca gerekli olan hallerde r\u0131zan\u0131z\u00a0<\/span><\/p>\n<p><span style=\"font-weight: 400;\">do\u011frultusunda, aksi hallerde r\u0131zan\u0131z al\u0131nmaks\u0131z\u0131n yukar\u0131daki ama\u00e7lar do\u011frultusunda i\u015flenebilecektir.\u00a0<\/span><\/p>\n<h3><span style=\"font-weight: 400;\">\u00c7EREZ T\u00dcRLER\u0130 :\u00a0<\/span><\/h3>\n<p><span style=\"font-weight: 400;\">\u00c7erezler s\u00fcre bak\u0131m\u0131ndan veya ait olduklar\u0131 alan ad\u0131na g\u00f6re kategorize edilebilmektedir.\u00a0<\/span><\/p>\n<ol>\n<li><span style=\"font-weight: 400;\"> \u00c7erezler, s\u00fcre bak\u0131m\u0131ndan s\u0131n\u0131fland\u0131r\u0131lmas\u0131 durumunda, oturum \u00e7erezleri ve kal\u0131c\u0131 <\/span>\u00e7erezler olmak \u00fczere ikiye ayr\u0131lmaktad\u0131r:<\/li>\n<\/ol>\n<ul>\n<li style=\"list-style-type: none;\">\n<ul>\n<li><span style=\"font-weight: 400;\"> Oturum \u00e7erezleri: Oturum \u00e7erezleri, Websitesinin veya Ldr Turizm \u2019in di\u011fer uygulama veya ortamlar\u0131n\u0131n ziyaret edildi\u011fi her bir oturumda kullan\u0131l\u0131r ve Siteden veya uygulamadan \u00e7\u0131k\u0131lmas\u0131yla birlikte kendili\u011finden silinirler.\u00a0<\/span><\/li>\n<li><span style=\"font-weight: 400;\"> Kal\u0131c\u0131 \u00e7erezler: Kal\u0131c\u0131 \u00e7erezler, \u00f6nceden belirlenen sabit bir s\u00fcre boyunca eri\u015fim s\u0131ras\u0131nda kullan\u0131c\u0131 taraf\u0131ndan kullan\u0131lan bilgisayar veya di\u011fer cihazlara kaydedilir veya uygulama kapand\u0131\u011f\u0131nda kendili\u011finden silinmez. Kal\u0131c\u0131 \u00e7erezler birden fazla oturumda kim oldu\u011funuzu hat\u0131rlamam\u0131z gerekti\u011finde kullan\u0131l\u0131r.\u00a0<\/span><\/li>\n<\/ul>\n<\/li>\n<\/ul>\n<ol start=\"2\">\n<li><span style=\"font-weight: 400;\"> \u00c7erezler ait olduklar\u0131 alan ad\u0131na (domain) g\u00f6re s\u0131n\u0131fland\u0131r\u0131lmalar\u0131 durumunda ise ili\u015fkili <\/span>taraf \u00e7erezi ve \u00fc\u00e7\u00fcnc\u00fc ki\u015fi \u00e7erezi olmak \u00fczere ikiye ayr\u0131l\u0131r:<\/li>\n<\/ol>\n<ul>\n<li style=\"list-style-type: none;\">\n<ul>\n<li><span style=\"font-weight: 400;\"> \u0130li\u015fkili taraf \u00e7erezi: \u0130li\u015fkili taraf \u00e7erezleri, ziyaret edilen alan taraf\u0131ndan yerle\u015ftirilen \u00e7erezleri ifade eder.\u00a0<\/span><\/li>\n<li><span style=\"font-weight: 400;\"> \u00dc\u00e7\u00fcnc\u00fc ki\u015fi \u00e7erezi: \u00dc\u00e7\u00fcnc\u00fc ki\u015fi \u00e7erezleri, ziyaret edilen farkl\u0131 bir alan taraf\u0131ndan yerle\u015ftirilen \u00e7erezleri ifade eder. Ziyaret edilen alan d\u0131\u015f\u0131ndaki ki\u015filerin, ziyaret edilen alan \u00fczerinden kullan\u0131c\u0131 cihaz\u0131na \u00e7erez yerle\u015ftirmeleri durumunda \u00fc\u00e7\u00fcnc\u00fc ki\u015fi \u00e7erezi s\u00f6z konusudur.\u00a0<\/span><\/li>\n<\/ul>\n<\/li>\n<\/ul>\n<h3><span style=\"font-weight: 400;\">\u00c7EREZLER\u0130 REDDETME VE S\u0130LME\u00a0<\/span><\/h3>\n<p><span style=\"font-weight: 400;\">\u00c7o\u011fu taray\u0131c\u0131 varsay\u0131lan olarak \u00e7erezleri otomatik olar kabul etmeye ayarl\u0131d\u0131r. Ancak, kullan\u0131c\u0131lar diledikleri zaman taray\u0131c\u0131 ayarlar\u0131n\u0131 de\u011fi\u015ftirerek \u00e7erezleri reddedebilir veya silebilir. Ayarlar\u0131n de\u011fi\u015ftirilmesi y\u00f6ntemi kullan\u0131lan taray\u0131c\u0131ya g\u00f6re de\u011fi\u015fmekte olup, \u00e7erezlerin nas\u0131l devre d\u0131\u015f\u0131 b\u0131rak\u0131labilece\u011finin kullan\u0131lan taray\u0131c\u0131ya ili\u015fkin hizmet sa\u011flay\u0131c\u0131dan \u00f6\u011frenilmesi gerekmektedir. Genellikle a\u015fa\u011f\u0131da belirtilen y\u00f6ntemlerle \u00e7erezleri reddedebilirsiniz:\u00a0<\/span><\/p>\n<ol>\n<li><span style=\"font-weight: 400;\">(i) taray\u0131c\u0131n\u0131z\u0131n ayarlar\u0131n\u0131 \u00e7erez ald\u0131\u011f\u0131n\u0131zda bildirecek \u015fekilde de\u011fi\u015ftirmek,\u00a0<\/span><\/li>\n<li><span style=\"font-weight: 400;\">(ii) mevcut \u00e7erezleri devre d\u0131\u015f\u0131 b\u0131rakmak,\u00a0<\/span><\/li>\n<li><span style=\"font-weight: 400;\">(iii) taray\u0131c\u0131n\u0131z\u0131 otomatik olarak \u00e7erezleri reddedecek \u015fekilde ayarlamak.\u00a0<\/span><\/li>\n<\/ol>\n<p><span style=\"font-weight: 400;\">\u00c7erezlerin devre d\u0131\u015f\u0131 b\u0131rak\u0131lmas\u0131 durumunda Websitesi ve di\u011fer internet sitelerimiz, uygulamalar\u0131m\u0131z, platformlar\u0131m\u0131z veya hizmetlerimizin baz\u0131 \u00f6zelliklerinden yararlanman\u0131z m\u00fcmk\u00fcn olmayabilir, bunun yan\u0131nda https:\/\/www.aboutcookies.org adresinden \u00e7erez y\u00f6netimlerine ula\u015fmak m\u00fcmk\u00fcnd\u00fcr.\u00a0<\/span><\/p>\n<h3><span style=\"font-weight: 400;\">VER\u0130 SAH\u0130B\u0130 OLARAK HAKLARINIZ NELERD\u0130R ?\u00a0<\/span><\/h3>\n<p><span style=\"font-weight: 400;\">KVK Kanunu\u2019nun 11. maddesi uyar\u0131nca veri sahipleri\u00a0<\/span><\/p>\n<ul>\n<li><span style=\"font-weight: 400;\">ki\u015fisel veri i\u015flenip i\u015flenmedi\u011fini \u00f6\u011frenme,\u00a0<\/span><\/li>\n<li><span style=\"font-weight: 400;\">ki\u015fisel verileri i\u015flenmi\u015fse buna ili\u015fkin bilgi talep etme,\u00a0<\/span><\/li>\n<li><span style=\"font-weight: 400;\">ki\u015fisel verilerin i\u015flenme amac\u0131n\u0131 ve bunlar\u0131n amac\u0131na uygun kullan\u0131l\u0131p kullan\u0131lmad\u0131\u011f\u0131n\u0131 \u00f6\u011frenme,\u00a0<\/span><\/li>\n<li><span style=\"font-weight: 400;\">yurt i\u00e7inde veya yurt d\u0131\u015f\u0131nda ki\u015fisel verilerin aktar\u0131ld\u0131\u011f\u0131 \u00fc\u00e7\u00fcnc\u00fc ki\u015fileri bilme,\u00a0<\/span><\/li>\n<li><span style=\"font-weight: 400;\">ki\u015fisel verilerin eksik veya yanl\u0131\u015f i\u015flenmi\u015f olmas\u0131 h\u00e2linde bunlar\u0131n d\u00fczeltilmesini isteme ve bu kapsamda yap\u0131lan i\u015flemin ki\u015fisel verilerin aktar\u0131ld\u0131\u011f\u0131 \u00fc\u00e7\u00fcnc\u00fc ki\u015filere bildirilmesini isteme,\u00a0<\/span><\/li>\n<li><span style=\"font-weight: 400;\">KVK Kanunu ve ilgili di\u011fer kanun h\u00fck\u00fcmlerine uygun olarak i\u015flenmi\u015f olmas\u0131na ra\u011fmen, i\u015flenmesini gerektiren sebeplerin ortadan kalkmas\u0131 h\u00e2linde ki\u015fisel verilerin silinmesini veya yok edilmesini isteme ve bu kapsamda yap\u0131lan i\u015flemin ki\u015fisel verilerin aktar\u0131ld\u0131\u011f\u0131 \u00fc\u00e7\u00fcnc\u00fc ki\u015filere bildirilmesini isteme,\u00a0<\/span><\/li>\n<li><span style=\"font-weight: 400;\">i\u015flenen verilerin m\u00fcnhas\u0131ran otomatik sistemler vas\u0131tas\u0131yla analiz edilmesi suretiyle ki\u015finin kendisi aleyhine bir sonucun ortaya \u00e7\u0131kmas\u0131na itiraz etme,\u00a0<\/span><\/li>\n<li><span style=\"font-weight: 400;\">ki\u015fisel verilerin kanuna ayk\u0131r\u0131 olarak i\u015flenmesi sebebiyle zarara u\u011framas\u0131 h\u00e2linde zarar\u0131n giderilmesini talep etme,\u00a0<\/span><\/li>\n<\/ul>\n<p><span style=\"font-weight: 400;\">haklar\u0131na sahiptir.\u00a0<\/span><\/p>\n<h3><span style=\"font-weight: 400;\">\u00dc\u00c7\u00dcNC\u00dc K\u0130\u015e\u0130LERE A\u0130T S\u0130TE, \u00dcR\u00dcN VE H\u0130ZMETLER\u00a0<\/span><\/h3>\n<p><span style=\"font-weight: 400;\">Websitesi ile di\u011fer internet sitelerimiz, platformlar\u0131m\u0131z veya uygulamalar\u0131m\u0131z \u00fc\u00e7\u00fcnc\u00fc ki\u015filere ait internet siteleri, \u00fcr\u00fcn ve hizmetlere ili\u015fkin \u00e7e\u015fitli linkler i\u00e7erebilir. S\u00f6z konusu linkler,\u00a0<\/span><\/p>\n<p><span style=\"font-weight: 400;\">\u00fc\u00e7\u00fcnc\u00fc ki\u015filere ait \u00e7erez ve gizlilik politikalar\u0131na tabi olup, \u00fc\u00e7\u00fcnc\u00fc ki\u015filer ve \u00fc\u00e7\u00fcnc\u00fc ki\u015filere ait sitelerin Ldr Turizm\u2018den ba\u011f\u0131ms\u0131z oldu\u011fu ve Ldr Turizm\u2018in \u00fc\u00e7\u00fcnc\u00fc ki\u015filerin \u00e7erez ve gizlilik uygulamalar\u0131ndan sorumlu olmad\u0131\u011f\u0131n\u0131n fark\u0131nda olunmal\u0131d\u0131r. Link verilen internet sitelerinin ziyaret edilmesi durumunda, bu sitelere ait \u00e7erez ve gizlilik politikalar\u0131n\u0131n okunmas\u0131n\u0131 tavsiye etmekteyiz.\u00a0<\/span><\/p>\n<p><span style=\"font-weight: 400;\">\u0130nternet Sitesi Gizlilik Politikas\u0131 07.08.2019 tarihlidir. Politika\u2019n\u0131n t\u00fcm\u00fcn\u00fcn veya belirli maddelerinin yenilenmesi durumunda Politika\u2019n\u0131n y\u00fcr\u00fcrl\u00fck tarihi g\u00fcncellenecektir.\u00a0<\/span><\/p>\n<p><span style=\"font-weight: 400;\">Sayg\u0131lar\u0131m\u0131zla,\u00a0<\/span><\/p>\n<p><span style=\"font-weight: 400;\">LDR TUR\u0130ZM A.\u015e.\u00a0<\/span><\/p>\n","protected":false},"excerpt":{"rendered":"<p>\u00c7EREZ POL\u0130T\u0130KASI HAKKINDA LDR TUR\u0130ZM A.\u015e (&#8220;\u015eirket&#8221;) olarak sahip oldu\u011fumuz ( www.liderfilo.com.tr ) web sitemizin (&#8220;Web Sitesi&#8221;) kullan\u0131c\u0131lar\u0131n\u0131n\/\u00fcyelerinin\/ziyaret\u00e7ilerinin gizlilik ve ki\u015fisel verilerinin korunmas\u0131 haklar\u0131n\u0131 g\u00f6zeterek ziyaret\u00e7ilerimize daha iyi bir kullan\u0131m deneyimi sa\u011flayabilmek i\u00e7in ki\u015fisel verilerini i\u015flemekte ve internet \u00e7erezleri, pikseller, &hellip; <a href=\"https:\/\/www.liderfilo.com.tr\/en\/ldr-turizm-a-s-cerez-politikasi\/\">Continue reading <span class=\"meta-nav\">&rarr;<\/span><\/a><\/p>\n","protected":false},"author":7,"featured_media":0,"parent":0,"menu_order":0,"comment_status":"closed","ping_status":"closed","template":"","meta":[],"_links":{"self":[{"href":"https:\/\/www.liderfilo.com.tr\/en\/wp-json\/wp\/v2\/pages\/2032"}],"collection":[{"href":"https:\/\/www.liderfilo.com.tr\/en\/wp-json\/wp\/v2\/pages"}],"about":[{"href":"https:\/\/www.liderfilo.com.tr\/en\/wp-json\/wp\/v2\/types\/page"}],"author":[{"embeddable":true,"href":"https:\/\/www.liderfilo.com.tr\/en\/wp-json\/wp\/v2\/users\/7"}],"replies":[{"embeddable":true,"href":"https:\/\/www.liderfilo.com.tr\/en\/wp-json\/wp\/v2\/comments?post=2032"}],"version-history":[{"count":2,"href":"https:\/\/www.liderfilo.com.tr\/en\/wp-json\/wp\/v2\/pages\/2032\/revisions"}],"predecessor-version":[{"id":2034,"href":"https:\/\/www.liderfilo.com.tr\/en\/wp-json\/wp\/v2\/pages\/2032\/revisions\/2034"}],"wp:attachment":[{"href":"https:\/\/www.liderfilo.com.tr\/en\/wp-json\/wp\/v2\/media?parent=2032"}],"curies":[{"name":"wp","href":"https:\/\/api.w.org\/{rel}","templated":true}]}}