{"id":1479,"date":"2017-08-24T15:21:42","date_gmt":"2017-08-24T12:21:42","guid":{"rendered":"http:\/\/www.liderfilo.com.tr\/?page_id=1479"},"modified":"2024-07-03T17:21:50","modified_gmt":"2024-07-03T14:21:50","slug":"yatirimci-iliskileri-iletisim-bilgileri","status":"publish","type":"page","link":"https:\/\/www.liderfilo.com.tr\/en\/yatirimci-iliskileri\/yatirimci-iliskileri-iletisim-bilgileri\/","title":{"rendered":"Investor Relations Contact Information"},"content":{"rendered":"<p><\/p>\n<h3>LDR TUR\u0130ZM A.\u015e.<\/h3>\n<p>Maslak Mah. Eski B\u00fcy\u00fckdere Cad. No:7 K:14 D:55-56<br \/>\nGiz 2000 Plaza Sar\u0131yer \/ \u0130STANBUL<\/p>\n<hr \/>\n<p>Adil \u015eAH\u0130N<br \/>\nInvestor Relations Department Manager and Corporate Governance Committee Member<br \/>\n<strong>Phone:<\/strong> 0 (212) 347 58 00<br \/>\n<strong>Fax:<\/strong> 0 (212) 274 86 66<br \/>\n<strong>E-mail:<\/strong> yatirimciiliskileri@liderfilo.com.tr<\/p>\n<hr \/>\n<p>Tolga \u015eEN<br \/>\nAssistant General Manager in charge of Financial Affairs and Investor Relations Department Official<br \/>\n<strong>Phone:<\/strong> 0 (212) 347 58 00<br \/>\n<strong>Fax:<\/strong> 0 (212) 274 86 66<br \/>\n<strong>E-mail:<\/strong> yatirimciiliskileri@liderfilo.com.tr<\/p>","protected":false},"excerpt":{"rendered":"<p>LDR TUR\u0130ZM A.\u015e. Maslak Mah. Eski B\u00fcy\u00fckdere Cad. No:7 K:14 D:55-56 Giz 2000 Plaza Sar\u0131yer \/ \u0130STANBUL Adil \u015eAH\u0130N Investor Relations Department Manager and Corporate Governance Committee Member Phone: 0 (212) 347 58 00 Fax: 0 (212) 274 86 66 &hellip; <a href=\"https:\/\/www.liderfilo.com.tr\/en\/yatirimci-iliskileri\/yatirimci-iliskileri-iletisim-bilgileri\/\">Continue reading <span class=\"meta-nav\">&rarr;<\/span><\/a><\/p>\n","protected":false},"author":7,"featured_media":0,"parent":1440,"menu_order":140,"comment_status":"closed","ping_status":"closed","template":"","meta":[],"_links":{"self":[{"href":"https:\/\/www.liderfilo.com.tr\/en\/wp-json\/wp\/v2\/pages\/1479"}],"collection":[{"href":"https:\/\/www.liderfilo.com.tr\/en\/wp-json\/wp\/v2\/pages"}],"about":[{"href":"https:\/\/www.liderfilo.com.tr\/en\/wp-json\/wp\/v2\/types\/page"}],"author":[{"embeddable":true,"href":"https:\/\/www.liderfilo.com.tr\/en\/wp-json\/wp\/v2\/users\/7"}],"replies":[{"embeddable":true,"href":"https:\/\/www.liderfilo.com.tr\/en\/wp-json\/wp\/v2\/comments?post=1479"}],"version-history":[{"count":11,"href":"https:\/\/www.liderfilo.com.tr\/en\/wp-json\/wp\/v2\/pages\/1479\/revisions"}],"predecessor-version":[{"id":2948,"href":"https:\/\/www.liderfilo.com.tr\/en\/wp-json\/wp\/v2\/pages\/1479\/revisions\/2948"}],"up":[{"embeddable":true,"href":"https:\/\/www.liderfilo.com.tr\/en\/wp-json\/wp\/v2\/pages\/1440"}],"wp:attachment":[{"href":"https:\/\/www.liderfilo.com.tr\/en\/wp-json\/wp\/v2\/media?parent=1479"}],"curies":[{"name":"wp","href":"https:\/\/api.w.org\/{rel}","templated":true}]}}