{"id":1181,"date":"2016-10-25T13:09:04","date_gmt":"2016-10-25T10:09:04","guid":{"rendered":"http:\/\/www.liderfilo.com.tr\/?page_id=1181"},"modified":"2024-07-03T17:32:29","modified_gmt":"2024-07-03T14:32:29","slug":"marka-belgesi-ve-yetki-belgeleri","status":"publish","type":"page","link":"https:\/\/www.liderfilo.com.tr\/en\/kurumsal\/marka-belgesi-ve-yetki-belgeleri\/","title":{"rendered":"Trademark and Authorization Documents"},"content":{"rendered":"<div id=\"attachment_1177\" style=\"width: 160px\" class=\"wp-caption alignnone\"><a href=\"https:\/\/www.liderfilo.com.tr\/wp-content\/uploads\/2022\/05\/2012-46944_LiderFiloMarkaTescilBelgesi.pdf\" target=\"_blank\" rel=\"noopener\"><img aria-describedby=\"caption-attachment-1177\" loading=\"lazy\" class=\"wp-image-1177 size-thumbnail\" src=\"https:\/\/www.liderfilo.com.tr\/wp-content\/uploads\/2022\/05\/markatescil-2.png\" alt=\"Marka Tescil Belgesi\" width=\"150\" height=\"150\" \/><\/a><p id=\"caption-attachment-1177\" class=\"wp-caption-text\">Marka Tescil Belgesi<\/p><\/div>\n<div id=\"attachment_1175\" style=\"width: 160px\" class=\"wp-caption alignnone\"><a href=\"http:\/\/www.liderfilo.com.tr\/wp-content\/uploads\/2016\/10\/LiderFilo-AGrubuSeyahatAcentasiIsletmeBelgesi.pdf\" target=\"_blank\" rel=\"noopener\"><img aria-describedby=\"caption-attachment-1175\" loading=\"lazy\" class=\"wp-image-1175 size-thumbnail\" src=\"http:\/\/www.liderfilo.com.tr\/wp-content\/uploads\/2016\/10\/belge-01-150x150.png\" alt=\"A Grubu Seyahat Acentas\u0131 \u0130\u015fletme Belgesi\" width=\"150\" height=\"150\" srcset=\"https:\/\/www.liderfilo.com.tr\/wp-content\/uploads\/2016\/10\/belge-01-150x150.png 150w, https:\/\/www.liderfilo.com.tr\/wp-content\/uploads\/2016\/10\/belge-01-300x300.png 300w, https:\/\/www.liderfilo.com.tr\/wp-content\/uploads\/2016\/10\/belge-01-480x480.png 480w, https:\/\/www.liderfilo.com.tr\/wp-content\/uploads\/2016\/10\/belge-01-530x530.png 530w, https:\/\/www.liderfilo.com.tr\/wp-content\/uploads\/2016\/10\/belge-01.png 640w\" sizes=\"(max-width: 150px) 100vw, 150px\" \/><\/a><p id=\"caption-attachment-1175\" class=\"wp-caption-text\">A Grubu Seyahat Acentas\u0131 \u0130\u015fletme Belgesi<\/p><\/div>\n<p>&nbsp;<\/p>\n","protected":false},"excerpt":{"rendered":"<p>&nbsp;<\/p>\n","protected":false},"author":7,"featured_media":0,"parent":11,"menu_order":60,"comment_status":"closed","ping_status":"closed","template":"","meta":[],"_links":{"self":[{"href":"https:\/\/www.liderfilo.com.tr\/en\/wp-json\/wp\/v2\/pages\/1181"}],"collection":[{"href":"https:\/\/www.liderfilo.com.tr\/en\/wp-json\/wp\/v2\/pages"}],"about":[{"href":"https:\/\/www.liderfilo.com.tr\/en\/wp-json\/wp\/v2\/types\/page"}],"author":[{"embeddable":true,"href":"https:\/\/www.liderfilo.com.tr\/en\/wp-json\/wp\/v2\/users\/7"}],"replies":[{"embeddable":true,"href":"https:\/\/www.liderfilo.com.tr\/en\/wp-json\/wp\/v2\/comments?post=1181"}],"version-history":[{"count":17,"href":"https:\/\/www.liderfilo.com.tr\/en\/wp-json\/wp\/v2\/pages\/1181\/revisions"}],"predecessor-version":[{"id":2559,"href":"https:\/\/www.liderfilo.com.tr\/en\/wp-json\/wp\/v2\/pages\/1181\/revisions\/2559"}],"up":[{"embeddable":true,"href":"https:\/\/www.liderfilo.com.tr\/en\/wp-json\/wp\/v2\/pages\/11"}],"wp:attachment":[{"href":"https:\/\/www.liderfilo.com.tr\/en\/wp-json\/wp\/v2\/media?parent=1181"}],"curies":[{"name":"wp","href":"https:\/\/api.w.org\/{rel}","templated":true}]}}