{"id":1148,"date":"2016-10-19T17:44:14","date_gmt":"2016-10-19T14:44:14","guid":{"rendered":"http:\/\/www.liderfilo.com.tr\/?page_id=1148"},"modified":"2024-07-03T17:42:12","modified_gmt":"2024-07-03T14:42:12","slug":"insan-kaynaklari-iletisim","status":"publish","type":"page","link":"https:\/\/www.liderfilo.com.tr\/en\/insan-kaynaklari\/insan-kaynaklari-iletisim\/","title":{"rendered":"Human Resources Contact"},"content":{"rendered":"<p>Recruitment processes are carried out by the head office. Contact Information;<\/p>\n<p>Address: Maslak Mah. Eski B\u00fcy\u00fckdere Cad. No:7 K:14 D:55-56<br \/>\nGiz 2000 Plaza Sar\u0131yer \/ \u0130STANBUL<\/p>\n<p>Phone: <a style=\"color:#ed1c24 !important; text-decoration:underline !important;\" href=\"tel:02123475800\">0 (212) 347 58 00<\/a><br \/>\nFax: <a style=\"color:#ed1c24 !important; text-decoration:underline !important;\" href=\"tel:02122748666\">0 (212) 274 86 66<\/a><\/p>\n<p>E-mail: <a style=\"color:#ed1c24 !important; text-decoration:underline !important;\" href=\"mailto:info@liderfilo.com.tr\">info@liderfilo.com.tr<\/a><\/p>","protected":false},"excerpt":{"rendered":"<p>Recruitment processes are carried out by the head office. Contact Information; Address: Maslak Mah. Eski B\u00fcy\u00fckdere Cad. No:7 K:14 D:55-56 Giz 2000 Plaza Sar\u0131yer \/ \u0130STANBUL Phone: 0 (212) 347 58 00 Fax: 0 (212) 274 86 66 E-mail: info@liderfilo.com.tr<\/p>\n","protected":false},"author":7,"featured_media":0,"parent":1142,"menu_order":30,"comment_status":"closed","ping_status":"closed","template":"","meta":[],"_links":{"self":[{"href":"https:\/\/www.liderfilo.com.tr\/en\/wp-json\/wp\/v2\/pages\/1148"}],"collection":[{"href":"https:\/\/www.liderfilo.com.tr\/en\/wp-json\/wp\/v2\/pages"}],"about":[{"href":"https:\/\/www.liderfilo.com.tr\/en\/wp-json\/wp\/v2\/types\/page"}],"author":[{"embeddable":true,"href":"https:\/\/www.liderfilo.com.tr\/en\/wp-json\/wp\/v2\/users\/7"}],"replies":[{"embeddable":true,"href":"https:\/\/www.liderfilo.com.tr\/en\/wp-json\/wp\/v2\/comments?post=1148"}],"version-history":[{"count":10,"href":"https:\/\/www.liderfilo.com.tr\/en\/wp-json\/wp\/v2\/pages\/1148\/revisions"}],"predecessor-version":[{"id":2849,"href":"https:\/\/www.liderfilo.com.tr\/en\/wp-json\/wp\/v2\/pages\/1148\/revisions\/2849"}],"up":[{"embeddable":true,"href":"https:\/\/www.liderfilo.com.tr\/en\/wp-json\/wp\/v2\/pages\/1142"}],"wp:attachment":[{"href":"https:\/\/www.liderfilo.com.tr\/en\/wp-json\/wp\/v2\/media?parent=1148"}],"curies":[{"name":"wp","href":"https:\/\/api.w.org\/{rel}","templated":true}]}}