{"id":1120,"date":"2016-10-17T13:18:28","date_gmt":"2016-10-17T10:18:28","guid":{"rendered":"http:\/\/www.liderfilo.com.tr\/?page_id=1120"},"modified":"2026-04-22T13:23:45","modified_gmt":"2026-04-22T10:23:45","slug":"ortaklik-yapisi","status":"publish","type":"page","link":"https:\/\/www.liderfilo.com.tr\/en\/yatirimci-iliskileri\/ortaklik-yapisi\/","title":{"rendered":"Shareholder Structure and Equity Info"},"content":{"rendered":"<p><\/p>\n<h3>LDR TUR\u0130ZM A.\u015e.<\/h3>\n<table border=\"1\" cellpadding=\"5\" cellspacing=\"0\">\n<thead>\n<tr>\n<th rowspan=\"2\">Shareholder<\/th>\n<th colspan=\"2\">Share in Capital (TL)<\/th>\n<th rowspan=\"2\">Ratio in Capital (%)<\/th>\n<th rowspan=\"2\">Voting Right (Number)**<\/th>\n<th rowspan=\"2\">Voting Right Ratio (%)**<\/th>\n<\/tr>\n<tr>\n<th>Group A<\/th>\n<th>Group B<\/th>\n<\/tr>\n<\/thead>\n<tbody>\n<tr>\n<td>MET\u0130N BAROKAS<\/td>\n<td align=\"center\" valign=\"middle\">132.500.000<\/td>\n<td align=\"center\" valign=\"middle\">437.500.000<\/td>\n<td align=\"center\" valign=\"middle\">69,09<\/td>\n<td align=\"center\" valign=\"middle\">1.100.000.000<\/td>\n<td align=\"center\" valign=\"middle\">81,18<\/td>\n<\/tr>\n<tr>\n<td>LDR TUR\u0130ZM A.\u015e.**<\/td>\n<td align=\"center\" valign=\"middle\">&#8211;<\/td>\n<td align=\"center\" valign=\"middle\"> 10.875.000 <\/td>\n<td align=\"center\" valign=\"middle\"> 1.32 <\/td>\n<td align=\"center\" valign=\"middle\"> 10.875.000 <\/td>\n<td align=\"center\" valign=\"middle\"> 0.80 <\/td>\n<\/tr>\n<tr>\n<td>ATLAS PORTF\u00d6Y B\u0130R\u0130NC\u0130 H\u0130SSE SENED\u0130 SERBEST FON (H\u0130SSE SENED\u0130 YO\u011eUN FON)<\/td>\n<td align=\"center\" valign=\"middle\">&#8211;<\/td>\n<td align=\"center\" valign=\"middle\"> 43.127.500 <\/td>\n<td align=\"center\" valign=\"middle\"> 5.23 <\/td>\n<td align=\"center\" valign=\"middle\"> 43.127.500 <\/td>\n<td align=\"center\" valign=\"middle\"> 3.18 <\/td>\n<\/tr>\n<tr>\n<td>OTHER<\/td>\n<td align=\"center\" valign=\"middle\">&#8211;<\/td>\n<td align=\"center\" valign=\"middle\"> 200.997.500 <\/td>\n<td align=\"center\" valign=\"middle\"> 24.36 <\/td>\n<td align=\"center\" valign=\"middle\"> 200.997.500 <\/td>\n<td align=\"center\" valign=\"middle\"> 14.83 <\/td>\n<\/tr>\n<tr>\n<td align=\"right\" rowspan=\"2\" valign=\"middle\"><strong>TOTAL<\/strong><\/td>\n<td align=\"center\" valign=\"middle\">132.500.000<\/td>\n<td align=\"center\" valign=\"middle\">692.500.000<\/td>\n<td align=\"center\" valign=\"middle\">100,00<\/td>\n<td align=\"center\" valign=\"middle\">1.355.000.000<\/td>\n<td align=\"center\" valign=\"middle\">100,00<\/td>\n<\/tr>\n<tr>\n<td align=\"center\" valign=\"middle\" colspan=\"2\"><strong>825.000.000<\/strong><\/td>\n<td><\/td>\n<td><\/td>\n<td><\/td>\n<\/tr>\n<\/tbody>\n<\/table>\n<p>\n  **Buy-back shares, including bonus shares, do not give any shareholding rights except for dividend and new share purchase rights.<br \/>\n  The voting rights related to the shares bought back by our Company are shown in the table as representative.\n<\/p>\n<p>The data in this table are published and updated by the Central Securities Depository of Turkiye (MKK) (www.mkk.com.tr), and up-to-date information can be found on our Company&#8217;s page on the Public Disclosure Platform. https:\/\/www.kap.org.tr\/tr\/sirket-bilgileri\/genel\/4310-ldr-turizm-a-s<\/p>\n<h3> INFORMATION ABOUT SHARES REPRESENTING THE CAPITAL<\/h3>\n<table>\n<tbody>\n<tr>\n<td>Share Group\n<\/td>\n<td>Registered \/ Bearer Share\n<\/td>\n<td>Nominal Value per Share (TL)\n<\/td>\n<td>Monetary Unit\n<\/td>\n<td>Nominal Value of Shares\n<\/td>\n<td>Monetary Unit\n<\/td>\n<td>Ratio to Total Capital\n<\/td>\n<td>Type of Privilege\n<\/td>\n<td>Exchange Traded or Not\n<\/td>\n<\/tr>\n<tr>\n<td>A<\/td>\n<td> Registered <\/td>\n<td>1<\/td>\n<td>TRY<\/td>\n<td> 132.500.000 <\/td>\n<td>TRY<\/td>\n<td>%16,06<\/td>\n<td> There is a privilege to nominate half of the board members. Each Group A share has 5 (five) votes in ordinary and extraordinary general assembly meetings.<\/td>\n<td>Not Traded\n<\/td>\n<\/tr>\n<tr>\n<td>B<\/td>\n<td> Bearer <\/td>\n<td>1<\/td>\n<td>TRY<\/td>\n<td> 692.500.000 <\/td>\n<td>TRY<\/td>\n<td>%83,94<\/td>\n<td> None <\/td>\n<td> Traded <\/td>\n<\/tr>\n<\/tbody>\n<\/table>\n<p>Pursuant to Article 6 of the Articles of Association, Group A shares are granted the privilege of nominating candidates to the Board of Directors and voting rights at General Assembly meetings.<\/p>\n<p>According to Article 7 of the Articles of Association, half of the members of the Board of Directors are elected by the General Assembly from among the candidates nominated by Group A shareholders.<\/p>\n<p>According to Article 9 of the Articles of Association, each Group A share has 5 (five) votes and each Group B share has 1 (one) vote in ordinary and extraordinary general assembly meetings.<\/p>","protected":false},"excerpt":{"rendered":"<p>LDR TUR\u0130ZM A.\u015e. Shareholder Share in Capital (TL) Ratio in Capital (%) Voting Right (Number)** Voting Right Ratio (%)** Group A Group B MET\u0130N BAROKAS 132.500.000 437.500.000 69,09 1.100.000.000 81,18 LDR TUR\u0130ZM A.\u015e.** &#8211; 10.875.000 1.32 10.875.000 0.80 ATLAS PORTF\u00d6Y &hellip; <a href=\"https:\/\/www.liderfilo.com.tr\/en\/yatirimci-iliskileri\/ortaklik-yapisi\/\">Continue reading <span class=\"meta-nav\">&rarr;<\/span><\/a><\/p>\n","protected":false},"author":7,"featured_media":0,"parent":1440,"menu_order":20,"comment_status":"closed","ping_status":"closed","template":"","meta":[],"_links":{"self":[{"href":"https:\/\/www.liderfilo.com.tr\/en\/wp-json\/wp\/v2\/pages\/1120"}],"collection":[{"href":"https:\/\/www.liderfilo.com.tr\/en\/wp-json\/wp\/v2\/pages"}],"about":[{"href":"https:\/\/www.liderfilo.com.tr\/en\/wp-json\/wp\/v2\/types\/page"}],"author":[{"embeddable":true,"href":"https:\/\/www.liderfilo.com.tr\/en\/wp-json\/wp\/v2\/users\/7"}],"replies":[{"embeddable":true,"href":"https:\/\/www.liderfilo.com.tr\/en\/wp-json\/wp\/v2\/comments?post=1120"}],"version-history":[{"count":149,"href":"https:\/\/www.liderfilo.com.tr\/en\/wp-json\/wp\/v2\/pages\/1120\/revisions"}],"predecessor-version":[{"id":3395,"href":"https:\/\/www.liderfilo.com.tr\/en\/wp-json\/wp\/v2\/pages\/1120\/revisions\/3395"}],"up":[{"embeddable":true,"href":"https:\/\/www.liderfilo.com.tr\/en\/wp-json\/wp\/v2\/pages\/1440"}],"wp:attachment":[{"href":"https:\/\/www.liderfilo.com.tr\/en\/wp-json\/wp\/v2\/media?parent=1120"}],"curies":[{"name":"wp","href":"https:\/\/api.w.org\/{rel}","templated":true}]}}